{"id":931,"date":"2025-07-09T17:46:02","date_gmt":"2025-07-09T15:46:02","guid":{"rendered":"https:\/\/www.xn--pudelvondersonnenmhle-qic.de\/?page_id=931"},"modified":"2026-04-26T08:25:42","modified_gmt":"2026-04-26T06:25:42","slug":"c-wurf","status":"publish","type":"page","link":"https:\/\/www.xn--pudelvondersonnenmhle-qic.de\/index.php\/c-wurf\/","title":{"rendered":"C-Wurf (geplant Mai\/Juni 2026)"},"content":{"rendered":"\n<p class=\"has-text-align-center has-large-font-size\">Geplant ist der n\u00e4chste Wurf Ende Mai\/Anfang Juni.<\/p>\n\n\n\n<p class=\"has-text-align-center has-large-font-size\"><\/p>\n\n\n\n<p class=\"has-text-align-center has-neve-link-color-color has-text-color has-link-color has-large-font-size wp-elements-69951dcecf6305eacc0feb9f72a488b5\">Bei Interesse, bitte eine Mail direkt an rueger.beatrice@gmail.com oder \u00fcber WhatsApp und Signal an 015772995736<\/p>\n\n\n\n<div class=\"wp-block-columns is-layout-flex wp-container-core-columns-is-layout-9d6595d7 wp-block-columns-is-layout-flex\">\n<div class=\"wp-block-column is-layout-flow wp-block-column-is-layout-flow\"><div class=\"wp-block-image is-style-rounded\">\n<figure class=\"aligncenter size-large is-resized\"><img loading=\"lazy\" decoding=\"async\" width=\"989\" height=\"1024\" src=\"http:\/\/www.xn--pudelvondersonnenmhle-qic.de\/wp-content\/uploads\/2024\/10\/IMG-20241025-WA0006-e1729869755734-989x1024.jpg\" alt=\"\" class=\"wp-image-130\" style=\"object-fit:cover;width:319px;height:319px\"\/><\/figure>\n<\/div>\n\n\n<p class=\"has-text-align-center has-medium-font-size\"><strong>Ellaine von Ch\u00e2teau B\u00e9r\u00e9nice<\/strong><\/p>\n\n\n\n<p class=\"has-text-align-center\">geboren: 24.09.2020<br>Farbe: apricot\/creme<br>Gr\u00f6\u00dfe: 59 cm<br>Gewicht: 22 kg<\/p>\n\n\n\n<p class=\"has-text-align-center\">Mutter : Big Cheyenne&#8217;s B\u00e9r\u00e9nice<br>Vater:    Rufus von Fleur de C\u00e9rise<\/p>\n\n\n\n<p class=\"has-text-align-center\">Zuchttauglich&nbsp;\u2013 Bewertung vorz\u00fcglich (V) <br>Unterlagen k\u00f6nnen auf Wunsch eingesehen werden.<\/p>\n<\/div>\n\n\n\n<div class=\"wp-block-column is-layout-flow wp-block-column-is-layout-flow\"><div class=\"wp-block-image is-style-rounded\">\n<figure class=\"aligncenter size-full is-resized\"><img loading=\"lazy\" decoding=\"async\" width=\"768\" height=\"756\" src=\"http:\/\/www.xn--pudelvondersonnenmhle-qic.de\/wp-content\/uploads\/2024\/11\/Timber_8-e1701284543749-768x1024-1-e1731515082565.jpg\" alt=\"\" class=\"wp-image-216\" style=\"aspect-ratio:1;object-fit:cover;width:334px;height:auto\" srcset=\"https:\/\/www.xn--pudelvondersonnenmhle-qic.de\/wp-content\/uploads\/2024\/11\/Timber_8-e1701284543749-768x1024-1-e1731515082565.jpg 768w, https:\/\/www.xn--pudelvondersonnenmhle-qic.de\/wp-content\/uploads\/2024\/11\/Timber_8-e1701284543749-768x1024-1-e1731515082565-300x295.jpg 300w\" sizes=\"auto, (max-width: 768px) 100vw, 768px\" \/><\/figure>\n<\/div>\n\n\n<p class=\"has-text-align-center has-medium-font-size\"><strong>I-Lord Timber Magic von Burg Greifenstein<\/strong><\/p>\n\n\n\n<p class=\"has-text-align-center\">geboren: 10.05.2022<br>Farbe: Brown and Tan<br>Gr\u00f6\u00dfe: 68 cm<br>Gewicht: 27 kg<\/p>\n\n\n\n<p class=\"has-text-align-center\">Mutter: Sound of Jurra\u00b4s Cinna\u00b4s Style<br>Vater: Amigo vom Schloss Parz<\/p>\n\n\n\n<p class=\"has-text-align-center\">Zuchttauglich&nbsp;\u2013 Bewertung vorz\u00fcglich (V)<br>  <\/p>\n<\/div>\n<\/div>\n\n\n\n<div class=\"wp-block-buttons is-content-justification-center is-layout-flex wp-container-core-buttons-is-layout-16018d1d wp-block-buttons-is-layout-flex\">\n<div class=\"wp-block-button\"><a class=\"wp-block-button__link has-text-align-center wp-element-button\" href=\"https:\/\/www.xn--pudelvondersonnenmhle-qic.de\/index.php\/bewerbungsformular\/\">Bewerbungsformular<\/a><\/div>\n<\/div>\n\n\n\n<div style=\"height:100px\" aria-hidden=\"true\" class=\"wp-block-spacer\"><\/div>\n\n\n\n<p><\/p>\n","protected":false},"excerpt":{"rendered":"<p>Geplant ist der n\u00e4chste Wurf Ende Mai\/Anfang Juni. Bei Interesse, bitte eine Mail direkt an rueger.beatrice@gmail.com oder \u00fcber WhatsApp und Signal an 015772995736 Ellaine von Ch\u00e2teau B\u00e9r\u00e9nice geboren: 24.09.2020Farbe: apricot\/cremeGr\u00f6\u00dfe: 59 cmGewicht: 22 kg Mutter : Big Cheyenne&#8217;s B\u00e9r\u00e9niceVater: Rufus von Fleur de C\u00e9rise Zuchttauglich&nbsp;\u2013 Bewertung vorz\u00fcglich (V) Unterlagen k\u00f6nnen auf Wunsch eingesehen werden. I-Lord&hellip;&nbsp;<a href=\"https:\/\/www.xn--pudelvondersonnenmhle-qic.de\/index.php\/c-wurf\/\" rel=\"bookmark\">Weiterlesen &raquo;<span class=\"screen-reader-text\">C-Wurf (geplant Mai\/Juni 2026)<\/span><\/a><\/p>\n","protected":false},"author":2,"featured_media":0,"parent":0,"menu_order":0,"comment_status":"closed","ping_status":"closed","template":"","meta":{"neve_meta_sidebar":"","neve_meta_container":"contained","neve_meta_enable_content_width":"","neve_meta_content_width":0,"neve_meta_title_alignment":"center","neve_meta_author_avatar":"","neve_post_elements_order":"","neve_meta_disable_header":"","neve_meta_disable_footer":"","neve_meta_disable_title":"","pgc_sgb_lightbox_settings":"","footnotes":""},"class_list":["post-931","page","type-page","status-publish","hentry"],"_links":{"self":[{"href":"https:\/\/www.xn--pudelvondersonnenmhle-qic.de\/index.php\/wp-json\/wp\/v2\/pages\/931","targetHints":{"allow":["GET"]}}],"collection":[{"href":"https:\/\/www.xn--pudelvondersonnenmhle-qic.de\/index.php\/wp-json\/wp\/v2\/pages"}],"about":[{"href":"https:\/\/www.xn--pudelvondersonnenmhle-qic.de\/index.php\/wp-json\/wp\/v2\/types\/page"}],"author":[{"embeddable":true,"href":"https:\/\/www.xn--pudelvondersonnenmhle-qic.de\/index.php\/wp-json\/wp\/v2\/users\/2"}],"replies":[{"embeddable":true,"href":"https:\/\/www.xn--pudelvondersonnenmhle-qic.de\/index.php\/wp-json\/wp\/v2\/comments?post=931"}],"version-history":[{"count":27,"href":"https:\/\/www.xn--pudelvondersonnenmhle-qic.de\/index.php\/wp-json\/wp\/v2\/pages\/931\/revisions"}],"predecessor-version":[{"id":1133,"href":"https:\/\/www.xn--pudelvondersonnenmhle-qic.de\/index.php\/wp-json\/wp\/v2\/pages\/931\/revisions\/1133"}],"wp:attachment":[{"href":"https:\/\/www.xn--pudelvondersonnenmhle-qic.de\/index.php\/wp-json\/wp\/v2\/media?parent=931"}],"curies":[{"name":"wp","href":"https:\/\/api.w.org\/{rel}","templated":true}]}}