{"id":673,"date":"2025-05-13T20:46:45","date_gmt":"2025-05-13T18:46:45","guid":{"rendered":"https:\/\/www.xn--pudelvondersonnenmhle-qic.de\/?page_id=673"},"modified":"2026-04-22T21:17:59","modified_gmt":"2026-04-22T19:17:59","slug":"neuigkeiten","status":"publish","type":"page","link":"https:\/\/www.xn--pudelvondersonnenmhle-qic.de\/index.php\/neuigkeiten\/","title":{"rendered":"Neuigkeiten"},"content":{"rendered":"\n<hr class=\"wp-block-separator has-alpha-channel-opacity\"\/>\n\n\n\n<p class=\"has-text-align-center has-large-font-size\">Die Eltern des C-Wurfs<\/p>\n\n\n\n<div class=\"wp-block-columns is-layout-flex wp-container-core-columns-is-layout-9d6595d7 wp-block-columns-is-layout-flex\">\n<div class=\"wp-block-column is-layout-flow wp-block-column-is-layout-flow\"><div class=\"wp-block-image is-style-rounded\">\n<figure class=\"alignright size-large is-resized\"><img loading=\"lazy\" decoding=\"async\" width=\"989\" height=\"1024\" src=\"http:\/\/www.xn--pudelvondersonnenmhle-qic.de\/wp-content\/uploads\/2024\/10\/IMG-20241025-WA0006-e1729869755734-989x1024.jpg\" alt=\"\" class=\"wp-image-130\" style=\"aspect-ratio:1;object-fit:cover;width:333px;height:auto\"\/><\/figure>\n<\/div><\/div>\n\n\n\n<div class=\"wp-block-column is-layout-flow wp-block-column-is-layout-flow\">\n<figure class=\"wp-block-image size-full is-resized is-style-rounded\"><img loading=\"lazy\" decoding=\"async\" width=\"768\" height=\"756\" src=\"http:\/\/www.xn--pudelvondersonnenmhle-qic.de\/wp-content\/uploads\/2024\/11\/Timber_8-e1701284543749-768x1024-1-e1731515082565.jpg\" alt=\"\" class=\"wp-image-216\" style=\"aspect-ratio:1;object-fit:cover;width:338px;height:auto\" srcset=\"https:\/\/www.xn--pudelvondersonnenmhle-qic.de\/wp-content\/uploads\/2024\/11\/Timber_8-e1701284543749-768x1024-1-e1731515082565.jpg 768w, https:\/\/www.xn--pudelvondersonnenmhle-qic.de\/wp-content\/uploads\/2024\/11\/Timber_8-e1701284543749-768x1024-1-e1731515082565-300x295.jpg 300w\" sizes=\"auto, (max-width: 768px) 100vw, 768px\" \/><\/figure>\n<\/div>\n<\/div>\n\n\n\n<p class=\"has-text-align-center has-large-font-size\"><strong>Ellaine                     und                       Timber<\/strong><\/p>\n\n\n\n<hr class=\"wp-block-separator has-alpha-channel-opacity\"\/>\n\n\n\n<p class=\"has-text-align-center has-large-font-size\">Ella wird Mama!<\/p>\n\n\n\n<p class=\"has-medium-font-size\">Jetzt haben wir Gewissheit. Unsere Tier\u00e4rztin hat heute den Ultraschall gemacht. Mindestens 6 weitere Herzen haben wir schlagen sehen. Auch Ella wurde gr\u00fcndlich untersucht. Sie ist kerngesund. Im Moment hat sie keinerlei Beschwerden. Ein wenig anh\u00e4nglich vielleicht :-). Aber in absehbarer Zeit werden sich die ersten Anzeichen einer hochschwangeren Pudeldame zeigen. Aber auch das kennen wir schon und meistern das wie die letzten Male auch. Wie viele Welpen es dann doch werden, bleibt eine \u00dcberraschung. Auch die Verteilung der Fellfarben ist unvorhersehbar und zeigt sich w\u00e4hrend der Geburt. Das ist auch f\u00fcr mich immer wieder ein spannender Moment. Nat\u00fcrlich werde ich sobald wie m\u00f6glich die ersten Bilder hier zeigen. <\/p>\n\n\n\n<hr class=\"wp-block-separator has-alpha-channel-opacity\"\/>\n\n\n\n<p class=\"has-text-align-center has-large-font-size\">Am 22. April ist Ultraschall<\/p>\n\n\n\n<p class=\"has-medium-font-size\">N\u00e4chsten Mittwoch ist es soweit. Ella und ich fahren zu unserer Tier\u00e4rztin, die uns schon durch die letzten beiden Schwangerschaften begleitet hat. Dort wird sie untersucht und ein Ultraschall gemacht. Dann haben wir Gewissheit. Ich bin zuversichtlich, dass alles geklappt hat. Ella zeigt zumindest alle Anzeichen, wie nach den letzten Verpaarungen auch. Aber&#8230;.sicher ist sicher.<\/p>\n\n\n\n<hr class=\"wp-block-separator has-alpha-channel-opacity\"\/>\n\n\n\n<p class=\"has-text-align-center has-large-font-size\">Die Verpaarung hat stattgefunden<\/p>\n\n\n\n<p class=\"has-medium-font-size\">Diese Woche stand bei uns ein besonderes Ereignis an: Die Deckung meiner Gro\u00dfpudel-Dame Ellaine. Ich hatte zwei Tage daf\u00fcr eingeplant, inklusive einer \u00dcbernachtung. Als wir in der Zuchtst\u00e4tte von Lord Timber ankamen, war es entz\u00fcckend zu beobachten, wie liebevoll die beiden aufeinander reagieren \u2013 ein harmonisches Paar. Ich freue mich darauf, die weiteren Schritte zu begleiten und halte euch hier auf dem Laufenden \u00fcber Entwicklung, Gesundheit von Ella und den kommenden Wurf. Dr\u00fcckt mir die Daumen, dass alles geklappt hat.&nbsp;<\/p>\n\n\n<div class=\"wp-block-image\">\n<figure class=\"aligncenter size-large is-resized\"><img loading=\"lazy\" decoding=\"async\" width=\"768\" height=\"1024\" src=\"http:\/\/www.xn--pudelvondersonnenmhle-qic.de\/wp-content\/uploads\/2026\/04\/IMG-20260331-WA0000-768x1024.jpg\" alt=\"\" class=\"wp-image-1099\" style=\"aspect-ratio:0.750029744199881;width:351px;height:auto\" srcset=\"https:\/\/www.xn--pudelvondersonnenmhle-qic.de\/wp-content\/uploads\/2026\/04\/IMG-20260331-WA0000-768x1024.jpg 768w, https:\/\/www.xn--pudelvondersonnenmhle-qic.de\/wp-content\/uploads\/2026\/04\/IMG-20260331-WA0000-225x300.jpg 225w, https:\/\/www.xn--pudelvondersonnenmhle-qic.de\/wp-content\/uploads\/2026\/04\/IMG-20260331-WA0000-1152x1536.jpg 1152w, https:\/\/www.xn--pudelvondersonnenmhle-qic.de\/wp-content\/uploads\/2026\/04\/IMG-20260331-WA0000.jpg 1500w\" sizes=\"auto, (max-width: 768px) 100vw, 768px\" \/><\/figure>\n<\/div>\n\n\n<p class=\"has-text-align-center has-large-font-size\"><\/p>\n\n\n<div class=\"wp-block-image\">\n<figure class=\"aligncenter size-large is-resized\"><img loading=\"lazy\" decoding=\"async\" width=\"768\" height=\"1024\" src=\"http:\/\/www.xn--pudelvondersonnenmhle-qic.de\/wp-content\/uploads\/2026\/04\/IMG-20260331-WA0001-768x1024.jpg\" alt=\"\" class=\"wp-image-1100\" style=\"aspect-ratio:0.750029744199881;width:344px;height:auto\"\/><\/figure>\n<\/div>","protected":false},"excerpt":{"rendered":"<p>Die Eltern des C-Wurfs Ellaine und Timber Ella wird Mama! Jetzt haben wir Gewissheit. Unsere Tier\u00e4rztin hat heute den Ultraschall gemacht. Mindestens 6 weitere Herzen haben wir schlagen sehen. Auch Ella wurde gr\u00fcndlich untersucht. Sie ist kerngesund. Im Moment hat sie keinerlei Beschwerden. Ein wenig anh\u00e4nglich vielleicht :-). Aber in absehbarer Zeit werden sich die&hellip;&nbsp;<a href=\"https:\/\/www.xn--pudelvondersonnenmhle-qic.de\/index.php\/neuigkeiten\/\" rel=\"bookmark\">Weiterlesen &raquo;<span class=\"screen-reader-text\">Neuigkeiten<\/span><\/a><\/p>\n","protected":false},"author":9,"featured_media":0,"parent":0,"menu_order":0,"comment_status":"closed","ping_status":"closed","template":"","meta":{"neve_meta_sidebar":"","neve_meta_container":"","neve_meta_enable_content_width":"","neve_meta_content_width":0,"neve_meta_title_alignment":"","neve_meta_author_avatar":"","neve_post_elements_order":"","neve_meta_disable_header":"","neve_meta_disable_footer":"","neve_meta_disable_title":"","pgc_sgb_lightbox_settings":"","footnotes":""},"class_list":["post-673","page","type-page","status-publish","hentry"],"_links":{"self":[{"href":"https:\/\/www.xn--pudelvondersonnenmhle-qic.de\/index.php\/wp-json\/wp\/v2\/pages\/673","targetHints":{"allow":["GET"]}}],"collection":[{"href":"https:\/\/www.xn--pudelvondersonnenmhle-qic.de\/index.php\/wp-json\/wp\/v2\/pages"}],"about":[{"href":"https:\/\/www.xn--pudelvondersonnenmhle-qic.de\/index.php\/wp-json\/wp\/v2\/types\/page"}],"author":[{"embeddable":true,"href":"https:\/\/www.xn--pudelvondersonnenmhle-qic.de\/index.php\/wp-json\/wp\/v2\/users\/9"}],"replies":[{"embeddable":true,"href":"https:\/\/www.xn--pudelvondersonnenmhle-qic.de\/index.php\/wp-json\/wp\/v2\/comments?post=673"}],"version-history":[{"count":72,"href":"https:\/\/www.xn--pudelvondersonnenmhle-qic.de\/index.php\/wp-json\/wp\/v2\/pages\/673\/revisions"}],"predecessor-version":[{"id":1129,"href":"https:\/\/www.xn--pudelvondersonnenmhle-qic.de\/index.php\/wp-json\/wp\/v2\/pages\/673\/revisions\/1129"}],"wp:attachment":[{"href":"https:\/\/www.xn--pudelvondersonnenmhle-qic.de\/index.php\/wp-json\/wp\/v2\/media?parent=673"}],"curies":[{"name":"wp","href":"https:\/\/api.w.org\/{rel}","templated":true}]}}