{"id":225,"date":"2024-11-13T17:55:11","date_gmt":"2024-11-13T16:55:11","guid":{"rendered":"http:\/\/85.115.14.198\/?page_id=225"},"modified":"2024-11-17T11:48:08","modified_gmt":"2024-11-17T10:48:08","slug":"bewerbungsformular","status":"publish","type":"page","link":"https:\/\/www.xn--pudelvondersonnenmhle-qic.de\/index.php\/bewerbungsformular\/","title":{"rendered":"Bewerbungsformular"},"content":{"rendered":"\n<div class=\"wp-block-contact-form-7-contact-form-selector\">\n<div class=\"wpcf7 no-js\" id=\"wpcf7-f224-o1\" lang=\"de-DE\" dir=\"ltr\" data-wpcf7-id=\"224\">\n<div class=\"screen-reader-response\"><p role=\"status\" aria-live=\"polite\" aria-atomic=\"true\"><\/p> <ul><\/ul><\/div>\n<form action=\"\/index.php\/wp-json\/wp\/v2\/pages\/225#wpcf7-f224-o1\" method=\"post\" class=\"wpcf7-form init\" aria-label=\"Kontaktformular\" novalidate=\"novalidate\" data-status=\"init\">\n<fieldset class=\"hidden-fields-container\"><input type=\"hidden\" name=\"_wpcf7\" value=\"224\" \/><input type=\"hidden\" name=\"_wpcf7_version\" value=\"6.1.5\" \/><input type=\"hidden\" name=\"_wpcf7_locale\" value=\"de_DE_formal\" \/><input type=\"hidden\" name=\"_wpcf7_unit_tag\" value=\"wpcf7-f224-o1\" \/><input type=\"hidden\" name=\"_wpcf7_container_post\" value=\"0\" \/><input type=\"hidden\" name=\"_wpcf7_posted_data_hash\" value=\"\" \/>\n<\/fieldset>\n<p>Liebe Welpen-Interessenten,\n<\/p>\n<p>wir w\u00fcnschen uns f\u00fcr unsere Welpen ein liebevolles und geeignetes neues Zuhause. Dieser Fragebogen soll Ihnen bei der wesentlichen Entscheidung f\u00fcr oder gegen einen Welpen helfen.\n<\/p>\n<p>Auch uns gibt dieser Fragebogen einen ersten kurzen \u00dcberblick \u00fcber Sie als potentiellen Welpen-K\u00e4ufer. Auch wenn der Fragebogen ein pers\u00f6nliches Gespr\u00e4ch nicht ersetzen kann - beantworten Sie die Fragen bitte ehrlich \u2013 nicht nur f\u00fcr uns als Z\u00fcchter, sondern haupts\u00e4chlich f\u00fcr die langfristige Freude f\u00fcr sich selbst und ihren Welpen.\n<\/p>\n<div id=\"cfhide\">\n\t<table border=\"0\">\n\t\t<tr>\n\t\t\t<td>\n\t\t\t\t<p><label> Name: <\/label>\n\t\t\t\t<\/p>\n\t\t\t<\/td>\n\t\t\t<td>\n\t\t\t\t<p><span class=\"wpcf7-form-control-wrap\" data-name=\"your-surname\"><input size=\"40\" maxlength=\"400\" class=\"wpcf7-form-control wpcf7-text wpcf7-validates-as-required\" autocomplete=\"name\" aria-required=\"true\" aria-invalid=\"false\" value=\"\" type=\"text\" name=\"your-surname\" \/><\/span>\n\t\t\t\t<\/p>\n\t\t\t<\/td>\n\t\t<\/tr>\n\t\t<tr>\n\t\t\t<td>\n\t\t\t\t<p><label> Vorname: <\/label>\n\t\t\t\t<\/p>\n\t\t\t<\/td>\n\t\t\t<td>\n\t\t\t\t<p><span class=\"wpcf7-form-control-wrap\" data-name=\"your-firstname\"><input size=\"40\" maxlength=\"400\" class=\"wpcf7-form-control wpcf7-text wpcf7-validates-as-required\" autocomplete=\"name\" aria-required=\"true\" aria-invalid=\"false\" value=\"\" type=\"text\" name=\"your-firstname\" \/><\/span>\n\t\t\t\t<\/p>\n\t\t\t<\/td>\n\t\t<\/tr>\n\t\t<tr>\n\t\t\t<td>\n\t\t\t\t<p><label> Strasse\/Nr: <\/label>\n\t\t\t\t<\/p>\n\t\t\t<\/td>\n\t\t\t<td>\n\t\t\t\t<p><span class=\"wpcf7-form-control-wrap\" data-name=\"your-street\"><input size=\"40\" maxlength=\"400\" class=\"wpcf7-form-control wpcf7-text wpcf7-validates-as-required\" aria-required=\"true\" aria-invalid=\"false\" value=\"\" type=\"text\" name=\"your-street\" \/><\/span>\n\t\t\t\t<\/p>\n\t\t\t<\/td>\n\t\t<\/tr>\n\t\t<tr>\n\t\t\t<td>\n\t\t\t\t<p><label> PLZ\/Ort: <\/label>\n\t\t\t\t<\/p>\n\t\t\t<\/td>\n\t\t\t<td>\n\t\t\t\t<p><span class=\"wpcf7-form-control-wrap\" data-name=\"your-city\"><input size=\"40\" maxlength=\"400\" class=\"wpcf7-form-control wpcf7-text wpcf7-validates-as-required\" aria-required=\"true\" aria-invalid=\"false\" value=\"\" type=\"text\" name=\"your-city\" \/><\/span>\n\t\t\t\t<\/p>\n\t\t\t<\/td>\n\t\t<\/tr>\n\t\t<tr>\n\t\t\t<td>\n\t\t\t\t<p><label> Telefon: <\/label>\n\t\t\t\t<\/p>\n\t\t\t<\/td>\n\t\t\t<td>\n\t\t\t\t<p><span class=\"wpcf7-form-control-wrap\" data-name=\"your-phone\"><input size=\"40\" maxlength=\"400\" class=\"wpcf7-form-control wpcf7-text wpcf7-validates-as-required\" aria-required=\"true\" aria-invalid=\"false\" value=\"\" type=\"text\" name=\"your-phone\" \/><\/span>\n\t\t\t\t<\/p>\n\t\t\t<\/td>\n\t\t<\/tr>\n\t\t<tr>\n\t\t\t<td>\n\t\t\t\t<p><label> Ihre E-Mail-Adresse: <\/label>\n\t\t\t\t<\/p>\n\t\t\t<\/td>\n\t\t\t<td>\n\t\t\t\t<p><span class=\"wpcf7-form-control-wrap\" data-name=\"your-email\"><input size=\"40\" maxlength=\"400\" class=\"wpcf7-form-control wpcf7-email wpcf7-validates-as-required wpcf7-text wpcf7-validates-as-email\" autocomplete=\"email\" aria-required=\"true\" aria-invalid=\"false\" value=\"\" type=\"email\" name=\"your-email\" \/><\/span>\n\t\t\t\t<\/p>\n\t\t\t<\/td>\n\t\t<\/tr>\n\t\t<tr>\n\t\t\t<td>\n\t\t\t\t<p><label> Hatten Sie schon einmal einen Hund? <\/label>\n\t\t\t\t<\/p>\n\t\t\t<\/td>\n\t\t\t<td>\n\t\t\t\t<p><span class=\"wpcf7-form-control-wrap\" data-name=\"pet-first\"><select class=\"wpcf7-form-control wpcf7-select wpcf7-validates-as-required\" aria-required=\"true\" aria-invalid=\"false\" name=\"pet-first\"><option value=\"\"><\/option><option value=\"Nein\">Nein<\/option><option value=\"Ja\">Ja<\/option><\/select><\/span>\n\t\t\t\t<\/p>\n\t\t\t<\/td>\n\t\t<\/tr>\n\t\t<tr>\n\t\t\t<td>\n\t\t\t\t<p><label> Leben aktuell andere Hunde in Ihrem Haushalt? <\/label>\n\t\t\t\t<\/p>\n\t\t\t<\/td>\n\t\t\t<td>\n\t\t\t\t<p><span class=\"wpcf7-form-control-wrap\" data-name=\"pet-other-doc\"><select class=\"wpcf7-form-control wpcf7-select wpcf7-validates-as-required\" aria-required=\"true\" aria-invalid=\"false\" name=\"pet-other-doc\"><option value=\"\"><\/option><option value=\"Nein\">Nein<\/option><option value=\"Ja\">Ja<\/option><\/select><\/span>\n\t\t\t\t<\/p>\n\t\t\t<\/td>\n\t\t<\/tr>\n\t\t<tr>\n\t\t\t<td>\n\t\t\t\t<p><label> Leben andere Tiere in Ihrem Haushalt? <\/label>\n\t\t\t\t<\/p>\n\t\t\t<\/td>\n\t\t\t<td>\n\t\t\t\t<p><span class=\"wpcf7-form-control-wrap\" data-name=\"pet-other-animals\"><select class=\"wpcf7-form-control wpcf7-select wpcf7-validates-as-required\" aria-required=\"true\" aria-invalid=\"false\" name=\"pet-other-animals\"><option value=\"\"><\/option><option value=\"Nein\">Nein<\/option><option value=\"Ja\">Ja<\/option><\/select><\/span>\n\t\t\t\t<\/p>\n\t\t\t<\/td>\n\t\t<\/tr>\n\t\t<tr>\n\t\t\t<td>\n\t\t\t\t<p><label> Wenn ja, welche Tiere? <\/label>\n\t\t\t\t<\/p>\n\t\t\t<\/td>\n\t\t\t<td>\n\t\t\t\t<p><span class=\"wpcf7-form-control-wrap\" data-name=\"pet-other-animals2\"><input size=\"40\" maxlength=\"400\" class=\"wpcf7-form-control wpcf7-text\" aria-invalid=\"false\" value=\"\" type=\"text\" name=\"pet-other-animals2\" \/><\/span>\n\t\t\t\t<\/p>\n\t\t\t<\/td>\n\t\t<\/tr>\n\t\t<tr>\n\t\t\t<td>\n\t\t\t\t<p><label> Wer wird sich haupts\u00e4chlich um den Hund k\u00fcmmern? <\/label>\n\t\t\t\t<\/p>\n\t\t\t<\/td>\n\t\t\t<td>\n\t\t\t\t<p><span class=\"wpcf7-form-control-wrap\" data-name=\"pet-reference-person\"><input size=\"40\" maxlength=\"400\" class=\"wpcf7-form-control wpcf7-text wpcf7-validates-as-required\" aria-required=\"true\" aria-invalid=\"false\" value=\"\" type=\"text\" name=\"pet-reference-person\" \/><\/span>\n\t\t\t\t<\/p>\n\t\t\t<\/td>\n\t\t<\/tr>\n\t\t<tr>\n\t\t\t<td>\n\t\t\t\t<p><label> Ist jeden Tag mindestens 1 Familienmitglied zu Hause? <\/label>\n\t\t\t\t<\/p>\n\t\t\t<\/td>\n\t\t\t<td>\n\t\t\t\t<p><span class=\"wpcf7-form-control-wrap\" data-name=\"pet-supervision\"><input size=\"40\" maxlength=\"400\" class=\"wpcf7-form-control wpcf7-text wpcf7-validates-as-required\" aria-required=\"true\" aria-invalid=\"false\" value=\"\" type=\"text\" name=\"pet-supervision\" \/><\/span>\n\t\t\t\t<\/p>\n\t\t\t<\/td>\n\t\t<\/tr>\n\t\t<tr>\n\t\t\t<td>\n\t\t\t\t<p><label> Wie lange steht Ihnen pro Tag Zeit f\u00fcr einen Hund zur Verf\u00fcgung? <\/label>\n\t\t\t\t<\/p>\n\t\t\t<\/td>\n\t\t\t<td>\n\t\t\t\t<p><span class=\"wpcf7-form-control-wrap\" data-name=\"pet-freetime\"><input size=\"40\" maxlength=\"400\" class=\"wpcf7-form-control wpcf7-text wpcf7-validates-as-required\" aria-required=\"true\" aria-invalid=\"false\" value=\"\" type=\"text\" name=\"pet-freetime\" \/><\/span>\n\t\t\t\t<\/p>\n\t\t\t<\/td>\n\t\t<\/tr>\n\t\t<tr>\n\t\t\t<td>\n\t\t\t\t<p><label> K\u00f6nnen Sie f\u00fcr die erste Zeit nach Einzug des Welpen in Ihrem zu Hause Urlaub nehmen? <\/label>\n\t\t\t\t<\/p>\n\t\t\t<\/td>\n\t\t\t<td>\n\t\t\t\t<p><span class=\"wpcf7-form-control-wrap\" data-name=\"pet-vacation\"><select class=\"wpcf7-form-control wpcf7-select wpcf7-validates-as-required\" aria-required=\"true\" aria-invalid=\"false\" name=\"pet-vacation\"><option value=\"\"><\/option><option value=\"Nein\">Nein<\/option><option value=\"Ja\">Ja<\/option><\/select><\/span>\n\t\t\t\t<\/p>\n\t\t\t<\/td>\n\t\t<\/tr>\n\t\t<tr>\n\t\t\t<td>\n\t\t\t\t<p><label> Wie viele Stunden w\u00e4re Ihre Hund im Normalfall allein zu Hause? <\/label>\n\t\t\t\t<\/p>\n\t\t\t<\/td>\n\t\t\t<td>\n\t\t\t\t<p><span class=\"wpcf7-form-control-wrap\" data-name=\"pet-hours\"><input size=\"40\" maxlength=\"400\" class=\"wpcf7-form-control wpcf7-text wpcf7-validates-as-required\" aria-required=\"true\" aria-invalid=\"false\" value=\"\" type=\"text\" name=\"pet-hours\" \/><\/span>\n\t\t\t\t<\/p>\n\t\t\t<\/td>\n\t\t<\/tr>\n\t\t<tr>\n\t\t\t<td>\n\t\t\t\t<p><label> Wo w\u00fcrde sich Ihr Hund dann aufhalten wenn er allein zu Hause ist? <\/label>\n\t\t\t\t<\/p>\n\t\t\t<\/td>\n\t\t\t<td>\n\t\t\t\t<p><span class=\"wpcf7-form-control-wrap\" data-name=\"pet-place\"><select class=\"wpcf7-form-control wpcf7-select wpcf7-validates-as-required\" aria-required=\"true\" aria-invalid=\"false\" name=\"pet-place\"><option value=\"\"><\/option><option value=\"im Haus\/ in der Wohnung\">im Haus\/ in der Wohnung<\/option><option value=\"in einem separaten Raum\">in einem separaten Raum<\/option><option value=\"auf dem Hof\">auf dem Hof<\/option><option value=\"im Zwinger\">im Zwinger<\/option><\/select><\/span>\n\t\t\t\t<\/p>\n\t\t\t<\/td>\n\t\t<\/tr>\n\t\t<tr>\n\t\t\t<td>\n\t\t\t\t<p><label> Wer k\u00fcmmert sich um die Welpenerziehung? <\/label>\n\t\t\t\t<\/p>\n\t\t\t<\/td>\n\t\t\t<td>\n\t\t\t\t<p><span class=\"wpcf7-form-control-wrap\" data-name=\"pet-responsible1\"><input size=\"40\" maxlength=\"400\" class=\"wpcf7-form-control wpcf7-text wpcf7-validates-as-required\" aria-required=\"true\" aria-invalid=\"false\" value=\"\" type=\"text\" name=\"pet-responsible1\" \/><\/span>\n\t\t\t\t<\/p>\n\t\t\t<\/td>\n\t\t<\/tr>\n\t\t<tr>\n\t\t\t<td>\n\t\t\t\t<p><label> Wer k\u00fcmmert sich um das t\u00e4gliche Futter? <\/label>\n\t\t\t\t<\/p>\n\t\t\t<\/td>\n\t\t\t<td>\n\t\t\t\t<p><span class=\"wpcf7-form-control-wrap\" data-name=\"pet-responsible2\"><input size=\"40\" maxlength=\"400\" class=\"wpcf7-form-control wpcf7-text wpcf7-validates-as-required\" aria-required=\"true\" aria-invalid=\"false\" value=\"\" type=\"text\" name=\"pet-responsible2\" \/><\/span>\n\t\t\t\t<\/p>\n\t\t\t<\/td>\n\t\t<\/tr>\n\t\t<tr>\n\t\t\t<td>\n\t\t\t\t<p><label> Wer k\u00fcmmert sich um die Fellpflege? <\/label>\n\t\t\t\t<\/p>\n\t\t\t<\/td>\n\t\t\t<td>\n\t\t\t\t<p><span class=\"wpcf7-form-control-wrap\" data-name=\"pet-responsible3\"><input size=\"40\" maxlength=\"400\" class=\"wpcf7-form-control wpcf7-text wpcf7-validates-as-required\" aria-required=\"true\" aria-invalid=\"false\" value=\"\" type=\"text\" name=\"pet-responsible3\" \/><\/span>\n\t\t\t\t<\/p>\n\t\t\t<\/td>\n\t\t<\/tr>\n\t\t<tr>\n\t\t\t<td>\n\t\t\t\t<p><label> Wer k\u00fcmmert sich um notwendige Tierarzt-Besuche? <\/label>\n\t\t\t\t<\/p>\n\t\t\t<\/td>\n\t\t\t<td>\n\t\t\t\t<p><span class=\"wpcf7-form-control-wrap\" data-name=\"pet-responsible4\"><input size=\"40\" maxlength=\"400\" class=\"wpcf7-form-control wpcf7-text wpcf7-validates-as-required\" aria-required=\"true\" aria-invalid=\"false\" value=\"\" type=\"text\" name=\"pet-responsible4\" \/><\/span>\n\t\t\t\t<\/p>\n\t\t\t<\/td>\n\t\t<\/tr>\n\t\t<tr>\n\t\t\t<td>\n\t\t\t\t<p><label> Wie sieht Ihre Wohnsituation aus? <\/label>\n\t\t\t\t<\/p>\n\t\t\t<\/td>\n\t\t\t<td>\n\t\t\t\t<p><span class=\"wpcf7-form-control-wrap\" data-name=\"your-living-situation\"><select class=\"wpcf7-form-control wpcf7-select wpcf7-validates-as-required\" aria-required=\"true\" aria-invalid=\"false\" name=\"your-living-situation\"><option value=\"\"><\/option><option value=\"eigenes Haus mit Garten\">eigenes Haus mit Garten<\/option><option value=\"eigenes Haus ohne Garten\">eigenes Haus ohne Garten<\/option><option value=\"gemietetes Haus mit Garten\">gemietetes Haus mit Garten<\/option><option value=\"gemietetes Haus ohne Garten\">gemietetes Haus ohne Garten<\/option><option value=\"Eigentumswohnung\">Eigentumswohnung<\/option><option value=\"gemietete Wohnung\">gemietete Wohnung<\/option><\/select><\/span>\n\t\t\t\t<\/p>\n\t\t\t<\/td>\n\t\t<\/tr>\n\t\t<tr>\n\t\t\t<td>\n\t\t\t\t<p><label> Wo wird der Hund leben und schlafen? <\/label>\n\t\t\t\t<\/p>\n\t\t\t<\/td>\n\t\t\t<td>\n\t\t\t\t<p><span class=\"wpcf7-form-control-wrap\" data-name=\"pet-living\"><select class=\"wpcf7-form-control wpcf7-select wpcf7-validates-as-required\" aria-required=\"true\" aria-invalid=\"false\" name=\"pet-living\"><option value=\"\"><\/option><option value=\"ausschlie\u00dflich auf dem Hof\">ausschlie\u00dflich auf dem Hof<\/option><option value=\"im Haus\/ in der Wohnung\">im Haus\/ in der Wohnung<\/option><\/select><\/span>\n\t\t\t\t<\/p>\n\t\t\t<\/td>\n\t\t<\/tr>\n\t\t<tr>\n\t\t\t<td>\n\t\t\t\t<p><label> Wenn Sie Mieter sind, haben Sie eine Erlaubnis des Eigent\u00fcmers f\u00fcr einen Hund? <\/label>\n\t\t\t\t<\/p>\n\t\t\t<\/td>\n\t\t\t<td>\n\t\t\t\t<p><span class=\"wpcf7-form-control-wrap\" data-name=\"pet-permission\"><select class=\"wpcf7-form-control wpcf7-select wpcf7-validates-as-required\" aria-required=\"true\" aria-invalid=\"false\" name=\"pet-permission\"><option value=\"\"><\/option><option value=\"Nein\">Nein<\/option><option value=\"Ja\">Ja<\/option><option value=\"Eigentum\">Eigentum<\/option><\/select><\/span>\n\t\t\t\t<\/p>\n\t\t\t<\/td>\n\t\t<\/tr>\n\t\t<tr>\n\t\t\t<td>\n\t\t\t\t<p><label> Gibt es bei einem Familienmitglied eine Tierhaarallergie? <\/label>\n\t\t\t\t<\/p>\n\t\t\t<\/td>\n\t\t\t<td>\n\t\t\t\t<p><span class=\"wpcf7-form-control-wrap\" data-name=\"pet-allergy\"><select class=\"wpcf7-form-control wpcf7-select wpcf7-validates-as-required\" aria-required=\"true\" aria-invalid=\"false\" name=\"pet-allergy\"><option value=\"\"><\/option><option value=\"Nein\">Nein<\/option><option value=\"Ja\">Ja<\/option><\/select><\/span>\n\t\t\t\t<\/p>\n\t\t\t<\/td>\n\t\t<\/tr>\n\t\t<tr>\n\t\t\t<td>\n\t\t\t\t<p><label> Haben Sie vor sp\u00e4ter einmal mit Ihrem Welpen zu z\u00fcchten? <\/label>\n\t\t\t\t<\/p>\n\t\t\t<\/td>\n\t\t\t<td>\n\t\t\t\t<p><span class=\"wpcf7-form-control-wrap\" data-name=\"pet-breed\"><select class=\"wpcf7-form-control wpcf7-select wpcf7-validates-as-required\" aria-required=\"true\" aria-invalid=\"false\" name=\"pet-breed\"><option value=\"\"><\/option><option value=\"Nein\">Nein<\/option><option value=\"Ja\">Ja<\/option><\/select><\/span>\n\t\t\t\t<\/p>\n\t\t\t<\/td>\n\t\t<\/tr>\n\t\t<tr>\n\t\t\t<td>\n\t\t\t\t<p><label> Sind Sie ausschlie\u00dflich an einem m\u00e4nnlichen oder weiblichen Welpen interessiert? <\/label>\n\t\t\t\t<\/p>\n\t\t\t<\/td>\n\t\t\t<td>\n\t\t\t\t<p><span class=\"wpcf7-form-control-wrap\" data-name=\"pet-gender\"><select class=\"wpcf7-form-control wpcf7-select wpcf7-validates-as-required\" aria-required=\"true\" aria-invalid=\"false\" name=\"pet-gender\"><option value=\"\"><\/option><option value=\"H\u00fcndin\">H\u00fcndin<\/option><option value=\"R\u00fcde\">R\u00fcde<\/option><option value=\"egal\">egal<\/option><\/select><\/span>\n\t\t\t\t<\/p>\n\t\t\t<\/td>\n\t\t<\/tr>\n\t\t<tr>\n\t\t\t<td>\n\t\t\t\t<p><label> Ziehen Sie eine Kastration oder Sterilisation in Erw\u00e4gung? <\/label>\n\t\t\t\t<\/p>\n\t\t\t<\/td>\n\t\t\t<td>\n\t\t\t\t<p><span class=\"wpcf7-form-control-wrap\" data-name=\"pet-castration\"><select class=\"wpcf7-form-control wpcf7-select wpcf7-validates-as-required\" aria-required=\"true\" aria-invalid=\"false\" name=\"pet-castration\"><option value=\"\"><\/option><option value=\"Nein\">Nein<\/option><option value=\"Ja\">Ja<\/option><\/select><\/span>\n\t\t\t\t<\/p>\n\t\t\t<\/td>\n\t\t<\/tr>\n\t\t<tr>\n\t\t\t<td>\n\t\t\t\t<p><label> Haben Sie bedacht, dass gerade am Anfang viele Kosten auf Sie zukommen?<br \/>\n(Impfungen, Wurmkuren, Versicherung, Hundesteuer, Erstaustattung\u2026) <\/label>\n\t\t\t\t<\/p>\n\t\t\t<\/td>\n\t\t\t<td>\n\t\t\t\t<p><span class=\"wpcf7-form-control-wrap\" data-name=\"pet-cost\"><select class=\"wpcf7-form-control wpcf7-select wpcf7-validates-as-required\" aria-required=\"true\" aria-invalid=\"false\" name=\"pet-cost\"><option value=\"\"><\/option><option value=\"Nein\">Nein<\/option><option value=\"Ja\">Ja<\/option><\/select><\/span>\n\t\t\t\t<\/p>\n\t\t\t<\/td>\n\t\t<\/tr>\n\t\t<tr>\n\t\t\t<td valign=\"top\">\n\t\t\t\t<p><label> Haben Sie Fragen oder Mitteilungen an uns?: <\/label>\n\t\t\t\t<\/p>\n\t\t\t<\/td>\n\t\t\t<td>\n\t\t\t\t<p><span class=\"wpcf7-form-control-wrap\" data-name=\"your-message\"><textarea cols=\"40\" rows=\"10\" maxlength=\"2000\" class=\"wpcf7-form-control wpcf7-textarea\" aria-invalid=\"false\" name=\"your-message\"><\/textarea><\/span>\n\t\t\t\t<\/p>\n\t\t\t<\/td>\n\t\t<\/tr>\n\t\t<tr>\n\t\t\t<td valign=\"top\">\n\t\t\t\t<p><input class=\"wpcf7-form-control wpcf7-submit has-spinner\" type=\"submit\" value=\"Senden\" \/>\n\t\t\t\t<\/p>\n\t\t\t<\/td>\n\t\t\t<td>\n\t\t\t\t<p><span class=\"wpcf7-form-control-wrap kc_captcha cf7ic-toggle\" data-name=\"kc_captcha\"><span class=\"wpcf7-form-control wpcf7-radio\"><span class=\"captcha-image\" style=\"display: none;\"><span class=\"cf7ic_instructions\">Bitte beweisen Sie, dass Sie kein Spambot sind und w\u00e4hlen Sie das Symbol<span> Baum<\/span>.<\/span><label><input aria-label=\"1\" type=\"radio\" name=\"kc_captcha\" value=\"bot\" \/><svg aria-hidden=\"true\" role=\"img\" xmlns=\"http:\/\/www.w3.org\/2000\/svg\" viewBox=\"0 0 576 512\"><path fill=\"currentColor\" d=\"M259 18l-65 132-146 22c-26 3-37 36-18 54l106 103-25 146c-5 26 23 46 46 33l131-68 131 68c23 13 51-7 46-33l-25-146 106-103c19-18 8-51-18-54l-146-22-65-132a32 32 0 00-58 0z\"\/><\/svg><\/label><label><input aria-label=\"2\" type=\"radio\" name=\"kc_captcha\" value=\"bot\" \/><svg aria-hidden=\"true\" role=\"img\" xmlns=\"http:\/\/www.w3.org\/2000\/svg\" viewBox=\"0 0 640 512\"><path fill=\"currentColor\" d=\"M624 352h-16V244c0-13-5-25-14-34L494 110c-9-9-21-14-34-14h-44V48c0-26-21-48-48-48H48C22 0 0 22 0 48v320c0 27 22 48 48 48h16a96 96 0 00192 0h128a96 96 0 00192 0h48c9 0 16-7 16-16v-32c0-9-7-16-16-16zM160 464a48 48 0 110-96 48 48 0 010 96zm320 0a48 48 0 110-96 48 48 0 010 96zm80-208H416V144h44l100 100v12z\"\/><\/svg><\/label><label><input aria-label=\"3\" type=\"radio\" name=\"kc_captcha\" value=\"kc_human\" \/><svg aria-hidden=\"true\" role=\"img\" xmlns=\"http:\/\/www.w3.org\/2000\/svg\" viewBox=\"0 0 384 512\"><path fill=\"currentColor\" d=\"M377 375l-83-87h34c21 0 32-25 17-40l-82-88h33c21 0 32-25 18-40L210 8c-10-11-26-11-36 0L70 120c-14 15-3 40 18 40h33l-82 88c-15 15-4 40 17 40h34L7 375c-15 16-4 41 17 41h120c0 33-11 49-34 68-12 9-5 28 10 28h144c15 0 22-19 10-28-20-16-34-32-34-68h120c21 0 32-25 17-41z\"\/><\/svg><\/label>\r\n    <\/span>\r\n    <span style=\"display:none\">\r\n        <input type=\"text\" name=\"kc_honeypot\">\r\n    <\/span><\/span><\/span>\n\t\t\t\t<\/p>\n\t\t\t<\/td>\n\t\t<\/tr>\n\t<\/table>\n<\/div><div class=\"wpcf7-response-output\" aria-hidden=\"true\"><\/div>\n<\/form>\n<\/div>\n<\/div>\n\n\n\n<p><\/p>\n","protected":false},"excerpt":{"rendered":"","protected":false},"author":1,"featured_media":0,"parent":0,"menu_order":0,"comment_status":"closed","ping_status":"closed","template":"","meta":{"neve_meta_sidebar":"","neve_meta_container":"contained","neve_meta_enable_content_width":"on","neve_meta_content_width":90,"neve_meta_title_alignment":"","neve_meta_author_avatar":"","neve_post_elements_order":"","neve_meta_disable_header":"","neve_meta_disable_footer":"","neve_meta_disable_title":"","pgc_sgb_lightbox_settings":"","footnotes":""},"class_list":["post-225","page","type-page","status-publish","hentry"],"_links":{"self":[{"href":"https:\/\/www.xn--pudelvondersonnenmhle-qic.de\/index.php\/wp-json\/wp\/v2\/pages\/225","targetHints":{"allow":["GET"]}}],"collection":[{"href":"https:\/\/www.xn--pudelvondersonnenmhle-qic.de\/index.php\/wp-json\/wp\/v2\/pages"}],"about":[{"href":"https:\/\/www.xn--pudelvondersonnenmhle-qic.de\/index.php\/wp-json\/wp\/v2\/types\/page"}],"author":[{"embeddable":true,"href":"https:\/\/www.xn--pudelvondersonnenmhle-qic.de\/index.php\/wp-json\/wp\/v2\/users\/1"}],"replies":[{"embeddable":true,"href":"https:\/\/www.xn--pudelvondersonnenmhle-qic.de\/index.php\/wp-json\/wp\/v2\/comments?post=225"}],"version-history":[{"count":4,"href":"https:\/\/www.xn--pudelvondersonnenmhle-qic.de\/index.php\/wp-json\/wp\/v2\/pages\/225\/revisions"}],"predecessor-version":[{"id":309,"href":"https:\/\/www.xn--pudelvondersonnenmhle-qic.de\/index.php\/wp-json\/wp\/v2\/pages\/225\/revisions\/309"}],"wp:attachment":[{"href":"https:\/\/www.xn--pudelvondersonnenmhle-qic.de\/index.php\/wp-json\/wp\/v2\/media?parent=225"}],"curies":[{"name":"wp","href":"https:\/\/api.w.org\/{rel}","templated":true}]}}