{"id":11,"date":"2024-10-23T20:34:30","date_gmt":"2024-10-23T18:34:30","guid":{"rendered":"http:\/\/web200.boserv24.de\/?page_id=11"},"modified":"2024-11-17T18:39:20","modified_gmt":"2024-11-17T17:39:20","slug":"pudelinfos","status":"publish","type":"page","link":"https:\/\/www.xn--pudelvondersonnenmhle-qic.de\/index.php\/pudelinfos\/","title":{"rendered":"Pudelinfos"},"content":{"rendered":"\n<div class=\"wp-block-cover alignfull\" style=\"min-height:320px;aspect-ratio:unset;\"><span aria-hidden=\"true\" class=\"wp-block-cover__background has-nv-site-bg-background-color has-background-dim-100 has-background-dim\"><\/span><div class=\"wp-block-cover__inner-container is-layout-flow wp-block-cover-is-layout-flow\">\n<div class=\"wp-block-group\" style=\"padding-right:var(--wp--preset--spacing--30);padding-left:var(--wp--preset--spacing--30)\"><div class=\"wp-block-group__inner-container is-layout-flow wp-block-group-is-layout-flow\">\n<div style=\"height:62px\" aria-hidden=\"true\" class=\"wp-block-spacer\"><\/div>\n\n\n\n<h2 class=\"wp-block-heading has-text-align-center has-text-align-left has-neve-text-color-color has-text-color\">Das Wesen<\/h2>\n\n\n\n<p class=\"has-text-align-left has-neve-text-color-color has-text-color\" style=\"font-size:22px\">Pudel k\u00f6nnen verspielt und sehr gelehrig sein. Mit einer liebevollen und konsequenten Erziehung sind sie treue Lebensgef\u00e4hrten. Au\u00dferdem sind Pudel sehr sportlich und brauchen auch viel Bewegung. Er kann sowohl als Familien -, als auch als Arbeitshund eingesetzt werden.<\/p>\n\n\n\n<div style=\"height:62px\" aria-hidden=\"true\" class=\"wp-block-spacer\"><\/div>\n\n\n\n<h2 class=\"wp-block-heading has-text-align-center has-text-align-left has-neve-text-color-color has-text-color\">Die Fellpflege eines Pudels<\/h2>\n\n\n\n<p class=\"has-text-align-left has-neve-text-color-color has-text-color\" style=\"font-size:22px\">Die Fellpflege eines Pudels ist sehr wichtig, um das Fell gesund zu halten. Pudel haben ein einzigartiges Fell, das eher wie Haar w\u00e4chst und nicht wie normales Hundfell. Das bedeutet, dass es kontinuierlich nachw\u00e4chst und regelm\u00e4\u00dfig gepflegt werden muss, um Verfilzungen und Knoten zu vermeiden. Es ist daher <strong>unbedingt<\/strong> notwendig Ihren Hund schon als Welpe an B\u00fcrste, Kamm, Schermaschine und F\u00f6hn zu gew\u00f6hnen.<\/p>\n\n\n\n<p class=\"has-text-align-left has-neve-text-color-color has-text-color\" style=\"font-size:22px\">Hier sind die wichtigsten Aspekte zur Fellpflege eines Pudels:<\/p>\n\n\n\n<h2 class=\"wp-block-heading has-text-align-left has-neve-text-color-color has-text-color\" style=\"font-size:22px\"><strong><strong><u><strong>B\u00fcrsten<\/strong><\/u><\/strong>:<\/strong><\/h2>\n\n\n\n<ul class=\"wp-block-list\">\n<li class=\"has-neve-text-color-color has-text-color\" style=\"font-size:22px\"><strong>H\u00e4ufigkeit:<\/strong> Es ist wichtig, den Pudel mindestens <strong>3-4 Mal pro Woche<\/strong> zu b\u00fcrsten, um Verfilzungen und Knoten zu verhindern.<\/li>\n\n\n\n<li class=\"has-neve-text-color-color has-text-color\" style=\"font-size:22px\"><strong>Werkzeug:<\/strong> Verwende eine <strong>Pudelb\u00fcrste<\/strong> oder einen <strong>Kamm mit langen Zinken<\/strong>, um das Fell gr\u00fcndlich zu entwirren. Eine <strong>Metallb\u00fcrste<\/strong> oder ein <strong>Entfilzungswerkzeug<\/strong> kann ebenfalls hilfreich sein, um hartn\u00e4ckige Knoten zu l\u00f6sen.<\/li>\n\n\n\n<li class=\"has-neve-text-color-color has-text-color\" style=\"font-size:22px\"><strong>Richtige Technik:<\/strong> Achte darauf, das Fell vorsichtig zu b\u00fcrsten, besonders an empfindlichen Stellen wie hinter den Ohren und an den Beinen. Beginne am Ende des Fells und arbeite dich vorsichtig nach oben vor.<\/li>\n<\/ul>\n\n\n\n<h2 class=\"wp-block-heading has-text-align-left has-neve-text-color-color has-text-color\" style=\"font-size:22px\"><strong><strong><u>Waschen<\/u><\/strong>:<\/strong><\/h2>\n\n\n\n<ul class=\"wp-block-list\">\n<li class=\"has-neve-text-color-color has-text-color\" style=\"font-size:22px\"><strong>H\u00e4ufigkeit:<\/strong> Pudeln sollte man in der Regel nur <strong>alle 4-6 Wochen<\/strong> baden, es sei denn, sie sind besonders schmutzig oder haben einen starken Geruch. Zu h\u00e4ufiges Waschen kann das Fell austrocknen.<\/li>\n<\/ul>\n\n\n\n<h2 class=\"wp-block-heading has-neve-text-color-color has-text-color\" style=\"font-size:22px\"><strong><u>Ohrenpflege<\/u>:<\/strong><\/h2>\n\n\n\n<ul class=\"wp-block-list\">\n<li class=\"has-neve-text-color-color has-text-color\" style=\"font-size:22px\">Pudeln haben empfindliche Ohren, die regelm\u00e4\u00dfig gereinigt werden sollten, um Infektionen zu vermeiden. \u00dcberpr\u00fcfe die Ohren auf Schmutz oder Feuchtigkeit, und verwende einen <strong>sanften Ohrreiniger<\/strong>.<\/li>\n<\/ul>\n<\/div><\/div>\n<\/div><\/div>\n","protected":false},"excerpt":{"rendered":"","protected":false},"author":1,"featured_media":0,"parent":0,"menu_order":0,"comment_status":"closed","ping_status":"closed","template":"","meta":{"neve_meta_sidebar":"","neve_meta_container":"default","neve_meta_enable_content_width":"on","neve_meta_content_width":100,"neve_meta_title_alignment":"left","neve_meta_author_avatar":"","neve_post_elements_order":"","neve_meta_disable_header":"","neve_meta_disable_footer":"","neve_meta_disable_title":"off","pgc_sgb_lightbox_settings":"","footnotes":""},"class_list":["post-11","page","type-page","status-publish","hentry"],"_links":{"self":[{"href":"https:\/\/www.xn--pudelvondersonnenmhle-qic.de\/index.php\/wp-json\/wp\/v2\/pages\/11","targetHints":{"allow":["GET"]}}],"collection":[{"href":"https:\/\/www.xn--pudelvondersonnenmhle-qic.de\/index.php\/wp-json\/wp\/v2\/pages"}],"about":[{"href":"https:\/\/www.xn--pudelvondersonnenmhle-qic.de\/index.php\/wp-json\/wp\/v2\/types\/page"}],"author":[{"embeddable":true,"href":"https:\/\/www.xn--pudelvondersonnenmhle-qic.de\/index.php\/wp-json\/wp\/v2\/users\/1"}],"replies":[{"embeddable":true,"href":"https:\/\/www.xn--pudelvondersonnenmhle-qic.de\/index.php\/wp-json\/wp\/v2\/comments?post=11"}],"version-history":[{"count":10,"href":"https:\/\/www.xn--pudelvondersonnenmhle-qic.de\/index.php\/wp-json\/wp\/v2\/pages\/11\/revisions"}],"predecessor-version":[{"id":345,"href":"https:\/\/www.xn--pudelvondersonnenmhle-qic.de\/index.php\/wp-json\/wp\/v2\/pages\/11\/revisions\/345"}],"wp:attachment":[{"href":"https:\/\/www.xn--pudelvondersonnenmhle-qic.de\/index.php\/wp-json\/wp\/v2\/media?parent=11"}],"curies":[{"name":"wp","href":"https:\/\/api.w.org\/{rel}","templated":true}]}}