{"id":10,"date":"2024-10-23T20:34:30","date_gmt":"2024-10-23T18:34:30","guid":{"rendered":"http:\/\/web200.boserv24.de\/?page_id=10"},"modified":"2025-05-01T14:25:22","modified_gmt":"2025-05-01T12:25:22","slug":"welpen","status":"publish","type":"page","link":"https:\/\/www.xn--pudelvondersonnenmhle-qic.de\/index.php\/welpen\/","title":{"rendered":"Welpen"},"content":{"rendered":"\n<h3 class=\"wp-block-heading\"><strong>Wohlergehen der Welpen:<\/strong><\/h3>\n\n\n\n<p>Unsere Welpen wachsen in einem liebevollen und famili\u00e4ren Umfeld auf, sodass sie von Anfang an viele positive Eindr\u00fccke sammeln und sich optimal entwickeln k\u00f6nnen. Vom ersten Tag an werden sie behutsam in den Alltag integriert und sind an die Ger\u00e4usche und Abl\u00e4ufe eines Haushalts gew\u00f6hnt.<\/p>\n\n\n\n<p>Es ist wichtig, den Welpen nicht zu fr\u00fch zu viel zuzumuten. Die ersten f\u00fcnf Lebenswochen sind entscheidend f\u00fcr die soziale Pr\u00e4gung und das Wohlbefinden der Welpen. In dieser Zeit lernen sie viel von ihrer Mutter und den Geschwistern. Erst danach sollten sie mit anderen Menschen und Hunden in Kontakt kommen, um sicherzustellen, dass sie richtig sozialisiert werden.<\/p>\n\n\n\n<h3 class=\"wp-block-heading\">Wir bieten:<\/h3>\n\n\n\n<ul class=\"wp-block-list\">\n<li>Eine liebevolle und lebenslange Bindung zu unseren Welpenk\u00e4ufern<\/li>\n\n\n\n<li>Eine verantwortungsbewusste Zucht mit viel Herz und Verstand<\/li>\n\n\n\n<li>Gesunde und gut sozialisierte Welpen<\/li>\n\n\n\n<li>Fachkundige Beratung und Unterst\u00fctzung w\u00e4hrend der gesamten Hundehaltung<\/li>\n<\/ul>\n\n\n\n<hr class=\"wp-block-separator has-alpha-channel-opacity\"\/>\n\n\n\n<div class=\"wp-block-group\"><div class=\"wp-block-group__inner-container is-layout-constrained wp-block-group-is-layout-constrained\">\n<div class=\"wp-block-columns are-vertically-aligned-center wp-container-content-9cfa9a5a is-layout-flex wp-container-core-columns-is-layout-9d6595d7 wp-block-columns-is-layout-flex\">\n<div class=\"wp-block-column is-vertically-aligned-center is-layout-flow wp-block-column-is-layout-flow\" style=\"padding-right:var(--wp--preset--spacing--30);padding-left:var(--wp--preset--spacing--30);flex-basis:50%\"><div class=\"wp-block-image\">\n<figure class=\"aligncenter size-full is-resized has-custom-border\"><img loading=\"lazy\" decoding=\"async\" width=\"2016\" height=\"1512\" src=\"http:\/\/www.xn--pudelvondersonnenmhle-qic.de\/wp-content\/uploads\/2024\/11\/IMG-20241025-WA0036.jpg\" alt=\"\" class=\"wp-image-228\" style=\"border-radius:24px;width:468px;height:auto\" srcset=\"https:\/\/www.xn--pudelvondersonnenmhle-qic.de\/wp-content\/uploads\/2024\/11\/IMG-20241025-WA0036.jpg 2016w, https:\/\/www.xn--pudelvondersonnenmhle-qic.de\/wp-content\/uploads\/2024\/11\/IMG-20241025-WA0036-300x225.jpg 300w, https:\/\/www.xn--pudelvondersonnenmhle-qic.de\/wp-content\/uploads\/2024\/11\/IMG-20241025-WA0036-1024x768.jpg 1024w, https:\/\/www.xn--pudelvondersonnenmhle-qic.de\/wp-content\/uploads\/2024\/11\/IMG-20241025-WA0036-768x576.jpg 768w, https:\/\/www.xn--pudelvondersonnenmhle-qic.de\/wp-content\/uploads\/2024\/11\/IMG-20241025-WA0036-1536x1152.jpg 1536w\" sizes=\"auto, (max-width: 2016px) 100vw, 2016px\" \/><\/figure>\n<\/div>\n\n\n<h3 class=\"wp-block-heading has-text-align-center has-neve-link-hover-color-color has-text-color\">A &#8211; Wurf<\/h3>\n\n\n\n<p class=\"has-text-align-center has-neve-link-hover-color-color has-text-color\">Die s\u00fc\u00dfen Kleinen erblickten am 05. Oktober 2023 das Licht der Welt.<\/p>\n\n\n\n<div class=\"wp-block-buttons has-custom-font-size has-small-font-size is-content-justification-center is-layout-flex wp-container-core-buttons-is-layout-16018d1d wp-block-buttons-is-layout-flex\">\n<div class=\"wp-block-button is-style-default\"><a class=\"wp-block-button__link has-nv-text-dark-bg-color has-neve-link-color-background-color has-text-color has-background has-link-color has-custom-font-size wp-element-button\" href=\"http:\/\/www.xn--pudelvondersonnenmhle-qic.de\/index.php\/a-wurf\/\" style=\"font-size:16px\">A &#8211; Wurf<\/a><\/div>\n<\/div>\n<\/div>\n\n\n\n<div class=\"wp-block-column is-vertically-aligned-center is-layout-flow wp-block-column-is-layout-flow\" style=\"padding-right:var(--wp--preset--spacing--30);padding-left:var(--wp--preset--spacing--30);flex-basis:50%\"><div class=\"wp-block-image\">\n<figure class=\"aligncenter size-full is-resized has-custom-border\"><img loading=\"lazy\" decoding=\"async\" width=\"739\" height=\"1600\" src=\"https:\/\/www.xn--pudelvondersonnenmhle-qic.de\/wp-content\/uploads\/2025\/05\/IMG-20250501-WA0077.jpg\" alt=\"\" class=\"wp-image-573\" style=\"border-radius:24px;width:auto;height:360px\" srcset=\"https:\/\/www.xn--pudelvondersonnenmhle-qic.de\/wp-content\/uploads\/2025\/05\/IMG-20250501-WA0077.jpg 739w, https:\/\/www.xn--pudelvondersonnenmhle-qic.de\/wp-content\/uploads\/2025\/05\/IMG-20250501-WA0077-139x300.jpg 139w, https:\/\/www.xn--pudelvondersonnenmhle-qic.de\/wp-content\/uploads\/2025\/05\/IMG-20250501-WA0077-473x1024.jpg 473w, https:\/\/www.xn--pudelvondersonnenmhle-qic.de\/wp-content\/uploads\/2025\/05\/IMG-20250501-WA0077-709x1536.jpg 709w\" sizes=\"auto, (max-width: 739px) 100vw, 739px\" \/><\/figure>\n<\/div>\n\n\n<h3 class=\"wp-block-heading has-text-align-center has-neve-link-hover-color-color has-text-color\">B &#8211; Wurf<\/h3>\n\n\n\n<p class=\"has-text-align-center has-neve-link-hover-color-color has-text-color\">Die 7 kleinen Lockenk\u00f6pfe kamen am 30.04.2025 auf die Welt.<\/p>\n\n\n\n<div class=\"wp-block-buttons has-custom-font-size has-small-font-size is-content-justification-center is-layout-flex wp-container-core-buttons-is-layout-16018d1d wp-block-buttons-is-layout-flex\">\n<div class=\"wp-block-button is-style-default\"><a class=\"wp-block-button__link has-nv-text-dark-bg-color has-neve-link-color-background-color has-text-color has-background has-link-color has-custom-font-size wp-element-button\" href=\"http:\/\/www.xn--pudelvondersonnenmhle-qic.de\/index.php\/b-wurf\/\" style=\"font-size:16px\">B &#8211; Wurf<\/a><\/div>\n<\/div>\n<\/div>\n<\/div>\n<\/div><\/div>\n","protected":false},"excerpt":{"rendered":"<p>Wohlergehen der Welpen: Unsere Welpen wachsen in einem liebevollen und famili\u00e4ren Umfeld auf, sodass sie von Anfang an viele positive Eindr\u00fccke sammeln und sich optimal entwickeln k\u00f6nnen. Vom ersten Tag an werden sie behutsam in den Alltag integriert und sind an die Ger\u00e4usche und Abl\u00e4ufe eines Haushalts gew\u00f6hnt. Es ist wichtig, den Welpen nicht zu&hellip;&nbsp;<a href=\"https:\/\/www.xn--pudelvondersonnenmhle-qic.de\/index.php\/welpen\/\" rel=\"bookmark\">Weiterlesen &raquo;<span class=\"screen-reader-text\">Welpen<\/span><\/a><\/p>\n","protected":false},"author":1,"featured_media":0,"parent":0,"menu_order":0,"comment_status":"closed","ping_status":"closed","template":"","meta":{"neve_meta_sidebar":"","neve_meta_container":"default","neve_meta_enable_content_width":"on","neve_meta_content_width":100,"neve_meta_title_alignment":"center","neve_meta_author_avatar":"","neve_post_elements_order":"","neve_meta_disable_header":"","neve_meta_disable_footer":"","neve_meta_disable_title":"off","pgc_sgb_lightbox_settings":"","footnotes":""},"class_list":["post-10","page","type-page","status-publish","hentry"],"_links":{"self":[{"href":"https:\/\/www.xn--pudelvondersonnenmhle-qic.de\/index.php\/wp-json\/wp\/v2\/pages\/10","targetHints":{"allow":["GET"]}}],"collection":[{"href":"https:\/\/www.xn--pudelvondersonnenmhle-qic.de\/index.php\/wp-json\/wp\/v2\/pages"}],"about":[{"href":"https:\/\/www.xn--pudelvondersonnenmhle-qic.de\/index.php\/wp-json\/wp\/v2\/types\/page"}],"author":[{"embeddable":true,"href":"https:\/\/www.xn--pudelvondersonnenmhle-qic.de\/index.php\/wp-json\/wp\/v2\/users\/1"}],"replies":[{"embeddable":true,"href":"https:\/\/www.xn--pudelvondersonnenmhle-qic.de\/index.php\/wp-json\/wp\/v2\/comments?post=10"}],"version-history":[{"count":35,"href":"https:\/\/www.xn--pudelvondersonnenmhle-qic.de\/index.php\/wp-json\/wp\/v2\/pages\/10\/revisions"}],"predecessor-version":[{"id":586,"href":"https:\/\/www.xn--pudelvondersonnenmhle-qic.de\/index.php\/wp-json\/wp\/v2\/pages\/10\/revisions\/586"}],"wp:attachment":[{"href":"https:\/\/www.xn--pudelvondersonnenmhle-qic.de\/index.php\/wp-json\/wp\/v2\/media?parent=10"}],"curies":[{"name":"wp","href":"https:\/\/api.w.org\/{rel}","templated":true}]}}