{"id":7,"date":"2024-10-23T20:34:29","date_gmt":"2024-10-23T18:34:29","guid":{"rendered":"http:\/\/web200.boserv24.de\/?page_id=7"},"modified":"2025-03-07T11:23:29","modified_gmt":"2025-03-07T10:23:29","slug":"startseite","status":"publish","type":"page","link":"http:\/\/www.xn--pudelvondersonnenmhle-qic.de\/","title":{"rendered":"Pudel von der SONNENM\u00dcHLE"},"content":{"rendered":"\n<div class=\"wp-block-cover alignfull is-light has-parallax\" style=\"min-height:700px;aspect-ratio:unset;\"><span aria-hidden=\"true\" class=\"wp-block-cover__background has-background-dim-0 has-background-dim\"><\/span><div class=\"wp-block-cover__image-background wp-image-109 has-parallax\" style=\"background-position:50% 50%;background-image:url(https:\/\/www.xn--pudelvondersonnenmhle-qic.de\/wp-content\/uploads\/2024\/10\/IMG-20241025-WA0019.jpg)\"><\/div><div class=\"wp-block-cover__inner-container is-layout-flow wp-block-cover-is-layout-flow\">\n<div style=\"height:289px\" aria-hidden=\"true\" class=\"wp-block-spacer\"><\/div>\n\n\n\n<div class=\"wp-block-columns is-layout-flex wp-container-core-columns-is-layout-9d6595d7 wp-block-columns-is-layout-flex\">\n<div class=\"wp-block-column is-layout-flow wp-block-column-is-layout-flow\" style=\"flex-basis:50%\"><\/div>\n\n\n\n<div class=\"wp-block-column is-layout-flow wp-block-column-is-layout-flow\" style=\"flex-basis:50%\"><\/div>\n\n\n\n<div class=\"wp-block-column is-layout-flow wp-block-column-is-layout-flow\" style=\"flex-basis:5%\"><\/div>\n<\/div>\n<\/div><\/div>\n\n\n\n<div class=\"wp-block-columns is-layout-flex wp-container-core-columns-is-layout-9d6595d7 wp-block-columns-is-layout-flex\">\n<div class=\"wp-block-column is-layout-flow wp-block-column-is-layout-flow\" style=\"flex-basis:5%\"><\/div>\n\n\n\n<div class=\"wp-block-column is-layout-flow wp-block-column-is-layout-flow\"><\/div>\n\n\n\n<div class=\"wp-block-column is-layout-flow wp-block-column-is-layout-flow\" style=\"flex-basis:80%\">\n<h2 class=\"wp-block-heading\">Herzlich willkommen!<\/h2>\n\n\n\n<p>Mein Name ist Beatrice R\u00fcger. Ich bin verheiratet und habe 3 erwachsene S\u00f6hne.  Wir wohnen in Riederich bei Metzingen. Vor ca. 10 Jahren kauften wir uns ein Feriendomizil in Zwiefalten\/Baach. Viel Auslauf und ein Schwimmteich l\u00e4sst die Hundeherzen h\u00f6her schlagen. Als wir unsere erste Pudeldame bekamen wusste ich, ich werde selbst eine kleine Hobbyzucht machen. Leider verloren wir unsere erste H\u00fcndin durch ein tragisches Ungl\u00fcck. Da war der Wunsch zu z\u00fcchten erst mal vorbei. Aber lange hielten wir es ohne Hund nicht aus. 2020 holten wir Ellaine von meiner Z\u00fcchterin am Ammersee ab. Nach vielen Untersuchungen durfte ich mich mit Ellaine an den ersten Wurf wagen. <\/p>\n\n\n\n<p class=\"has-text-align-left\">Unser Ziel ist es, gesunde, wesensfeste und wundersch\u00f6ne Pudel zu z\u00fcchten, die nicht nur optisch \u00fcberzeugen, sondern auch ein harmonisches und fr\u00f6hliches Wesen besitzen. Wir legen gro\u00dfen Wert auf die Auswahl der Elterntiere und z\u00fcchten nur mit Hunden, die gesundheitlich einwandfrei sind und ein einwandfreies Wesen haben. Alle unsere Pudel werden mit viel Liebe und Aufmerksamkeit aufgezogen und sind bestens sozialisiert, um als treue Begleiter in Familien, Singles oder bei aktiven Menschen zu leben.<\/p>\n<\/div>\n\n\n\n<div class=\"wp-block-column is-layout-flow wp-block-column-is-layout-flow\" style=\"flex-basis:5%\"><\/div>\n<\/div>\n","protected":false},"excerpt":{"rendered":"<p>Herzlich willkommen! Mein Name ist Beatrice R\u00fcger. Ich bin verheiratet und habe 3 erwachsene S\u00f6hne. Wir wohnen in Riederich bei Metzingen. Vor ca. 10 Jahren kauften wir uns ein Feriendomizil in Zwiefalten\/Baach. Viel Auslauf und ein Schwimmteich l\u00e4sst die Hundeherzen h\u00f6her schlagen. Als wir unsere erste Pudeldame bekamen wusste ich, ich werde selbst eine kleine&hellip;&nbsp;<a href=\"http:\/\/www.xn--pudelvondersonnenmhle-qic.de\/\" rel=\"bookmark\">Weiterlesen &raquo;<span class=\"screen-reader-text\">Pudel von der SONNENM\u00dcHLE<\/span><\/a><\/p>\n","protected":false},"author":1,"featured_media":0,"parent":0,"menu_order":0,"comment_status":"closed","ping_status":"closed","template":"","meta":{"neve_meta_sidebar":"","neve_meta_container":"full-width","neve_meta_enable_content_width":"on","neve_meta_content_width":100,"neve_meta_title_alignment":"","neve_meta_author_avatar":"","neve_post_elements_order":"","neve_meta_disable_header":"","neve_meta_disable_footer":"","neve_meta_disable_title":"on","pgc_sgb_lightbox_settings":"","footnotes":""},"class_list":["post-7","page","type-page","status-publish","hentry"],"_links":{"self":[{"href":"http:\/\/www.xn--pudelvondersonnenmhle-qic.de\/index.php\/wp-json\/wp\/v2\/pages\/7","targetHints":{"allow":["GET"]}}],"collection":[{"href":"http:\/\/www.xn--pudelvondersonnenmhle-qic.de\/index.php\/wp-json\/wp\/v2\/pages"}],"about":[{"href":"http:\/\/www.xn--pudelvondersonnenmhle-qic.de\/index.php\/wp-json\/wp\/v2\/types\/page"}],"author":[{"embeddable":true,"href":"http:\/\/www.xn--pudelvondersonnenmhle-qic.de\/index.php\/wp-json\/wp\/v2\/users\/1"}],"replies":[{"embeddable":true,"href":"http:\/\/www.xn--pudelvondersonnenmhle-qic.de\/index.php\/wp-json\/wp\/v2\/comments?post=7"}],"version-history":[{"count":55,"href":"http:\/\/www.xn--pudelvondersonnenmhle-qic.de\/index.php\/wp-json\/wp\/v2\/pages\/7\/revisions"}],"predecessor-version":[{"id":478,"href":"http:\/\/www.xn--pudelvondersonnenmhle-qic.de\/index.php\/wp-json\/wp\/v2\/pages\/7\/revisions\/478"}],"wp:attachment":[{"href":"http:\/\/www.xn--pudelvondersonnenmhle-qic.de\/index.php\/wp-json\/wp\/v2\/media?parent=7"}],"curies":[{"name":"wp","href":"https:\/\/api.w.org\/{rel}","templated":true}]}}